{"id":5454,"date":"2022-12-10T18:32:29","date_gmt":"2022-12-10T18:32:29","guid":{"rendered":"https:\/\/allergan-aesthetics-brandbox.ca\/fr\/?page_id=5454"},"modified":"2026-03-09T04:01:06","modified_gmt":"2026-03-09T08:01:06","slug":"fr-home-2","status":"publish","type":"page","link":"https:\/\/allerganbrandbox.ca\/fr\/","title":{"rendered":"French home"},"content":{"rendered":"\t\t<div data-elementor-type=\"wp-page\" data-elementor-id=\"5454\" class=\"elementor elementor-5454\" data-elementor-post-type=\"page\">\n\t\t\t\t<div class=\"elementor-element elementor-element-5cae23e e-con-full e-flex e-con e-parent\" data-id=\"5cae23e\" data-element_type=\"container\" data-e-type=\"container\">\n\t\t<div class=\"elementor-element elementor-element-14e8281 e-con-full e-flex e-con e-child\" data-id=\"14e8281\" data-element_type=\"container\" data-e-type=\"container\" data-settings=\"{&quot;background_background&quot;:&quot;classic&quot;}\">\n\t\t\t\t<div class=\"elementor-element elementor-element-65b9585 elementor-widget elementor-widget-image\" data-id=\"65b9585\" data-element_type=\"widget\" data-e-type=\"widget\" data-widget_type=\"image.default\">\n\t\t\t\t<div class=\"elementor-widget-container\">\n\t\t\t\t\t\t\t\t\t\t\t\t\t\t\t\t<a href=\"https:\/\/allerganbrandbox.ca\/\">\n\t\t\t\t\t\t\t<img decoding=\"async\" width=\"250\" height=\"111\" src=\"https:\/\/allerganbrandbox.ca\/fr\/wp-content\/uploads\/logo-allergan-blanco-2-1.png\" class=\"attachment-large size-large wp-image-9186\" alt=\"\" srcset=\"https:\/\/allerganbrandbox.ca\/fr\/wp-content\/uploads\/logo-allergan-blanco-2-1.png 250w, https:\/\/allerganbrandbox.ca\/fr\/wp-content\/uploads\/logo-allergan-blanco-2-1-150x67.png 150w\" sizes=\"(max-width: 250px) 100vw, 250px\" \/>\t\t\t\t\t\t\t\t<\/a>\n\t\t\t\t\t\t\t\t\t\t\t\t\t\t\t<\/div>\n\t\t\t\t<\/div>\n\t\t\t\t<div class=\"elementor-element elementor-element-58f70e5 elementor-widget elementor-widget-heading\" data-id=\"58f70e5\" data-element_type=\"widget\" data-e-type=\"widget\" data-widget_type=\"heading.default\">\n\t\t\t\t<div class=\"elementor-widget-container\">\n\t\t\t\t\t<h2 class=\"elementor-heading-title elementor-size-default\">La Bo\u00eete de ressources<br>d\u2019ALLERGAN AESTHETICS<\/h2>\t\t\t\t<\/div>\n\t\t\t\t<\/div>\n\t\t\t\t<div class=\"elementor-element elementor-element-2543363 elementor-widget elementor-widget-heading\" data-id=\"2543363\" data-element_type=\"widget\" data-e-type=\"widget\" data-widget_type=\"heading.default\">\n\t\t\t\t<div class=\"elementor-widget-container\">\n\t\t\t\t\t<h2 class=\"elementor-heading-title elementor-size-default\">S\u00c9LECTIONNEZ VOTRE MARQUE<\/h2>\t\t\t\t<\/div>\n\t\t\t\t<\/div>\n\t\t\t\t<div class=\"elementor-element elementor-element-55aab45 elementor-align-justify elementor-widget__width-initial elementor-widget elementor-widget-button\" data-id=\"55aab45\" data-element_type=\"widget\" data-e-type=\"widget\" data-widget_type=\"button.default\">\n\t\t\t\t<div class=\"elementor-widget-container\">\n\t\t\t\t\t\t\t\t\t<div class=\"elementor-button-wrapper\">\n\t\t\t\t\t<a class=\"elementor-button elementor-button-link elementor-size-lg elementor-animation-shrink\" href=\"https:\/\/allerganbrandbox.ca\/fr\/access\/\">\n\t\t\t\t\t\t<span class=\"elementor-button-content-wrapper\">\n\t\t\t\t\t\t\t\t\t<span class=\"elementor-button-text\">BOTOX COSM\u00c9TIQUE<sup>MD<\/sup>, JUV\u00c9DERM<sup>MD<\/sup>, SKINVIVE<sup>MD<\/sup>, SkinMedica<sup>MD<\/sup>, BRILLANTES DISTINCTIONS<sup>MD<\/sup>, BELKYRA<sup>MD<\/sup> et LATISSE<sup>MD<\/sup><\/span>\n\t\t\t\t\t<\/span>\n\t\t\t\t\t<\/a>\n\t\t\t\t<\/div>\n\t\t\t\t\t\t\t\t<\/div>\n\t\t\t\t<\/div>\n\t\t\t\t<div class=\"elementor-element elementor-element-33e0208 elementor-align-justify elementor-widget__width-initial elementor-widget elementor-widget-button\" data-id=\"33e0208\" data-element_type=\"widget\" data-e-type=\"widget\" data-widget_type=\"button.default\">\n\t\t\t\t<div class=\"elementor-widget-container\">\n\t\t\t\t\t\t\t\t\t<div class=\"elementor-button-wrapper\">\n\t\t\t\t\t<a class=\"elementor-button elementor-button-link elementor-size-lg elementor-animation-shrink\" href=\"https:\/\/allerganbrandbox.ca\/coolsculpting-fr\/\">\n\t\t\t\t\t\t<span class=\"elementor-button-content-wrapper\">\n\t\t\t\t\t\t\t\t\t<span class=\"elementor-button-text\">CoolSculpting<sup>MD<\/sup> &amp; <br>Coolsculpting<sup>MD<\/sup> ELITE<\/span>\n\t\t\t\t\t<\/span>\n\t\t\t\t\t<\/a>\n\t\t\t\t<\/div>\n\t\t\t\t\t\t\t\t<\/div>\n\t\t\t\t<\/div>\n\t\t\t\t<div class=\"elementor-element elementor-element-89a52e1 elementor-align-justify elementor-widget__width-initial elementor-widget elementor-widget-button\" data-id=\"89a52e1\" data-element_type=\"widget\" data-e-type=\"widget\" data-widget_type=\"button.default\">\n\t\t\t\t<div class=\"elementor-widget-container\">\n\t\t\t\t\t\t\t\t\t<div class=\"elementor-button-wrapper\">\n\t\t\t\t\t<a class=\"elementor-button elementor-button-link elementor-size-lg elementor-animation-shrink\" href=\"https:\/\/allerganbrandbox.ca\/natrelle-fr\/home\/\">\n\t\t\t\t\t\t<span class=\"elementor-button-content-wrapper\">\n\t\t\t\t\t\t\t\t\t<span class=\"elementor-button-text\">NATRELLE<sup>MD<\/sup><\/span>\n\t\t\t\t\t<\/span>\n\t\t\t\t\t<\/a>\n\t\t\t\t<\/div>\n\t\t\t\t\t\t\t\t<\/div>\n\t\t\t\t<\/div>\n\t\t\t\t<div class=\"elementor-element elementor-element-5280746 elementor-widget__width-initial elementor-position-top elementor-widget elementor-widget-image-box\" data-id=\"5280746\" data-element_type=\"widget\" data-e-type=\"widget\" data-widget_type=\"image-box.default\">\n\t\t\t\t<div class=\"elementor-widget-container\">\n\t\t\t\t\t<div class=\"elementor-image-box-wrapper\"><figure class=\"elementor-image-box-img\"><a href=\"https:\/\/www.shutterstock.com\/fr\/explore\/dream\" target=\"_blank\" tabindex=\"-1\"><img decoding=\"async\" src=\"https:\/\/allerganbrandbox.ca\/fr\/wp-content\/uploads\/DREAM-02.svg\" class=\"elementor-animation-shrink attachment-full size-full wp-image-8937\" alt=\"\" \/><\/a><\/figure><div class=\"elementor-image-box-content\"><p class=\"elementor-image-box-description\">Shutterstock Studios, en partenariat avec la DREAM Initiative\u00ae, fond\u00e9e par Allergan Aesthetics et skinbetter science\u00ae, fait progresser la repr\u00e9sentation inclusive des deux c\u00f4t\u00e9s de la cam\u00e9ra. Vous pouvez t\u00e9l\u00e9charger gratuitement 1 500 images \u00e0 partir de notre galerie d'images diversifi\u00e9es.<\/p><\/div><\/div>\t\t\t\t<\/div>\n\t\t\t\t<\/div>\n\t\t\t\t<\/div>\n\t\t<div class=\"elementor-element elementor-element-e82fb11 e-con-full e-flex e-con e-child\" data-id=\"e82fb11\" data-element_type=\"container\" data-e-type=\"container\" data-settings=\"{&quot;background_background&quot;:&quot;classic&quot;}\">\n\t\t\t\t<\/div>\n\t\t\t\t<\/div>\n\t\t<div class=\"elementor-element elementor-element-e07ca34 e-con-full e-flex e-con e-parent\" data-id=\"e07ca34\" data-element_type=\"container\" data-e-type=\"container\">\n\t\t\t\t<div class=\"elementor-element elementor-element-20d132b e-grid-align-left e-grid-align-mobile-center elementor-widget-tablet__width-initial elementor-widget-mobile__width-inherit elementor-shape-rounded elementor-grid-0 elementor-widget elementor-widget-social-icons\" data-id=\"20d132b\" data-element_type=\"widget\" data-e-type=\"widget\" data-widget_type=\"social-icons.default\">\n\t\t\t\t<div class=\"elementor-widget-container\">\n\t\t\t\t\t\t\t<div class=\"elementor-social-icons-wrapper elementor-grid\" role=\"list\">\n\t\t\t\t\t\t\t<span class=\"elementor-grid-item\" role=\"listitem\">\n\t\t\t\t\t<a class=\"elementor-icon elementor-social-icon elementor-social-icon-instagram elementor-animation-shrink elementor-repeater-item-e3e7d51\" href=\"https:\/\/www.instagram.com\/allerganaestheticsca\/\" target=\"_blank\" rel=\"nofollow\">\n\t\t\t\t\t\t<span class=\"elementor-screen-only\">Instagram<\/span>\n\t\t\t\t\t\t<i aria-hidden=\"true\" class=\"fab fa-instagram\"><\/i>\t\t\t\t\t<\/a>\n\t\t\t\t<\/span>\n\t\t\t\t\t\t\t<span class=\"elementor-grid-item\" role=\"listitem\">\n\t\t\t\t\t<a class=\"elementor-icon elementor-social-icon elementor-social-icon-linkedin elementor-animation-shrink elementor-repeater-item-57cd59c\" href=\"https:\/\/www.linkedin.com\/company\/allergan-aesthetics\/\" target=\"_blank\">\n\t\t\t\t\t\t<span class=\"elementor-screen-only\">Linkedin<\/span>\n\t\t\t\t\t\t<i aria-hidden=\"true\" class=\"fab fa-linkedin\"><\/i>\t\t\t\t\t<\/a>\n\t\t\t\t<\/span>\n\t\t\t\t\t<\/div>\n\t\t\t\t\t\t<\/div>\n\t\t\t\t<\/div>\n\t\t\t\t<div class=\"elementor-element elementor-element-57c22a8 elementor-icon-list--layout-inline elementor-align-end elementor-mobile-align-center elementor-list-item-link-full_width elementor-widget elementor-widget-icon-list\" data-id=\"57c22a8\" data-element_type=\"widget\" data-e-type=\"widget\" data-widget_type=\"icon-list.default\">\n\t\t\t\t<div class=\"elementor-widget-container\">\n\t\t\t\t\t\t\t<ul class=\"elementor-icon-list-items elementor-inline-items\">\n\t\t\t\t\t\t\t<li class=\"elementor-icon-list-item elementor-inline-item\">\n\t\t\t\t\t\t\t\t\t\t\t<a href=\"https:\/\/www.abbvie.ca\/fr\/privacy.html\">\n\n\t\t\t\t\t\t\t\t\t\t\t<span class=\"elementor-icon-list-text\">AVIS DE CONFIDENTIALIT\u00c9<\/span>\n\t\t\t\t\t\t\t\t\t\t\t<\/a>\n\t\t\t\t\t\t\t\t\t<\/li>\n\t\t\t\t\t\t\t\t<li class=\"elementor-icon-list-item elementor-inline-item\">\n\t\t\t\t\t\t\t\t\t\t\t<a href=\"https:\/\/www.abbvie.ca\/fr\/termsofuse.html\">\n\n\t\t\t\t\t\t\t\t\t\t\t<span class=\"elementor-icon-list-text\">CONDITIONS D'UTILISATION<\/span>\n\t\t\t\t\t\t\t\t\t\t\t<\/a>\n\t\t\t\t\t\t\t\t\t<\/li>\n\t\t\t\t\t\t\t\t<li class=\"elementor-icon-list-item elementor-inline-item\">\n\t\t\t\t\t\t\t\t\t\t<span class=\"elementor-icon-list-text\"><a href=\"void(0);\" class=\"ot-sdk-show-settings footer-menu__link\" title=\"Overridden by OneTrust\">Cookies Settings<\/a><\/span>\n\t\t\t\t\t\t\t\t\t<\/li>\n\t\t\t\t\t\t<\/ul>\n\t\t\t\t\t\t<\/div>\n\t\t\t\t<\/div>\n\t\t\t\t<\/div>\n\t\t\t\t<\/div>\n\t\t","protected":false},"excerpt":{"rendered":"<p>La Bo\u00eete de ressourcesd\u2019ALLERGAN AESTHETICS S\u00c9LECTIONNEZ VOTRE MARQUE BOTOX COSM\u00c9TIQUEMD, JUV\u00c9DERMMD, SKINVIVEMD, SkinMedicaMD, BRILLANTES DISTINCTIONSMD, BELKYRAMD et LATISSEMD CoolSculptingMD &amp; CoolsculptingMD ELITE NATRELLEMD Shutterstock Studios, en partenariat avec la DREAM Initiative\u00ae, fond\u00e9e par Allergan Aesthetics et skinbetter science\u00ae, fait progresser la repr\u00e9sentation inclusive des deux c\u00f4t\u00e9s de la cam\u00e9ra. Vous pouvez t\u00e9l\u00e9charger gratuitement 1 500 [&hellip;]<\/p>\n","protected":false},"author":1,"featured_media":0,"parent":0,"menu_order":0,"comment_status":"closed","ping_status":"closed","template":"elementor_canvas","meta":{"footnotes":""},"class_list":["post-5454","page","type-page","status-publish","hentry"],"yoast_head":"<!-- This site is optimized with the Yoast SEO plugin v27.5 - https:\/\/yoast.com\/product\/yoast-seo-wordpress\/ -->\n<title>Brand Boxd\u2019ALLERGAN AESTHETICS<\/title>\n<meta name=\"robots\" content=\"noindex, follow, max-snippet:-1, max-image-preview:large, max-video-preview:-1\" \/>\n<meta property=\"og:locale\" content=\"fr_CA\" \/>\n<meta property=\"og:type\" content=\"article\" \/>\n<meta property=\"og:title\" content=\"Brand Boxd\u2019ALLERGAN AESTHETICS\" \/>\n<meta property=\"og:description\" content=\"La Bo\u00eete de ressourcesd\u2019ALLERGAN AESTHETICS S\u00c9LECTIONNEZ VOTRE MARQUE BOTOX COSM\u00c9TIQUEMD, JUV\u00c9DERMMD, SKINVIVEMD, SkinMedicaMD, BRILLANTES DISTINCTIONSMD, BELKYRAMD et LATISSEMD CoolSculptingMD &amp; CoolsculptingMD ELITE NATRELLEMD Shutterstock Studios, en partenariat avec la DREAM Initiative\u00ae, fond\u00e9e par Allergan Aesthetics et skinbetter science\u00ae, fait progresser la repr\u00e9sentation inclusive des deux c\u00f4t\u00e9s de la cam\u00e9ra. Vous pouvez t\u00e9l\u00e9charger gratuitement 1 500 [&hellip;]\" \/>\n<meta property=\"og:url\" content=\"https:\/\/allerganbrandbox.ca\/fr\/\" \/>\n<meta property=\"og:site_name\" content=\"Brand Box d\u2019ALLERGAN AESTHETICS\" \/>\n<meta property=\"article:modified_time\" content=\"2026-03-09T08:01:06+00:00\" \/>\n<meta property=\"og:image\" content=\"https:\/\/allerganbrandbox.ca\/fr\/wp-content\/uploads\/logo-allergan-blanco-2-1.png\" \/>\n\t<meta property=\"og:image:width\" content=\"250\" \/>\n\t<meta property=\"og:image:height\" content=\"111\" \/>\n\t<meta property=\"og:image:type\" content=\"image\/png\" \/>\n<meta name=\"twitter:card\" content=\"summary_large_image\" \/>\n<meta name=\"twitter:label1\" content=\"Estimation du temps de lecture\" \/>\n\t<meta name=\"twitter:data1\" content=\"1 minute\" \/>\n<script type=\"application\/ld+json\" class=\"yoast-schema-graph\">{\"@context\":\"https:\\\/\\\/schema.org\",\"@graph\":[{\"@type\":\"WebPage\",\"@id\":\"https:\\\/\\\/allerganbrandbox.ca\\\/fr\\\/\",\"url\":\"https:\\\/\\\/allerganbrandbox.ca\\\/fr\\\/\",\"name\":\"Brand Boxd\u2019ALLERGAN AESTHETICS\",\"isPartOf\":{\"@id\":\"https:\\\/\\\/allerganbrandbox.ca\\\/fr\\\/#website\"},\"primaryImageOfPage\":{\"@id\":\"https:\\\/\\\/allerganbrandbox.ca\\\/fr\\\/#primaryimage\"},\"image\":{\"@id\":\"https:\\\/\\\/allerganbrandbox.ca\\\/fr\\\/#primaryimage\"},\"thumbnailUrl\":\"https:\\\/\\\/allerganbrandbox.ca\\\/fr\\\/wp-content\\\/uploads\\\/logo-allergan-blanco-2-1.png\",\"datePublished\":\"2022-12-10T18:32:29+00:00\",\"dateModified\":\"2026-03-09T08:01:06+00:00\",\"breadcrumb\":{\"@id\":\"https:\\\/\\\/allerganbrandbox.ca\\\/fr\\\/#breadcrumb\"},\"inLanguage\":\"fr-CA\",\"potentialAction\":[{\"@type\":\"ReadAction\",\"target\":[\"https:\\\/\\\/allerganbrandbox.ca\\\/fr\\\/\"]}]},{\"@type\":\"ImageObject\",\"inLanguage\":\"fr-CA\",\"@id\":\"https:\\\/\\\/allerganbrandbox.ca\\\/fr\\\/#primaryimage\",\"url\":\"https:\\\/\\\/allerganbrandbox.ca\\\/fr\\\/wp-content\\\/uploads\\\/logo-allergan-blanco-2-1.png\",\"contentUrl\":\"https:\\\/\\\/allerganbrandbox.ca\\\/fr\\\/wp-content\\\/uploads\\\/logo-allergan-blanco-2-1.png\",\"width\":250,\"height\":111},{\"@type\":\"BreadcrumbList\",\"@id\":\"https:\\\/\\\/allerganbrandbox.ca\\\/fr\\\/#breadcrumb\",\"itemListElement\":[{\"@type\":\"ListItem\",\"position\":1,\"name\":\"Home\",\"item\":\"https:\\\/\\\/allerganbrandbox.ca\\\/fr\\\/\"},{\"@type\":\"ListItem\",\"position\":2,\"name\":\"French home\"}]},{\"@type\":\"WebSite\",\"@id\":\"https:\\\/\\\/allerganbrandbox.ca\\\/fr\\\/#website\",\"url\":\"https:\\\/\\\/allerganbrandbox.ca\\\/fr\\\/\",\"name\":\"Brand Box d\u2019ALLERGAN AESTHETICS\",\"description\":\"\",\"potentialAction\":[{\"@type\":\"SearchAction\",\"target\":{\"@type\":\"EntryPoint\",\"urlTemplate\":\"https:\\\/\\\/allerganbrandbox.ca\\\/fr\\\/?s={search_term_string}\"},\"query-input\":{\"@type\":\"PropertyValueSpecification\",\"valueRequired\":true,\"valueName\":\"search_term_string\"}}],\"inLanguage\":\"fr-CA\"}]}<\/script>\n<!-- \/ Yoast SEO plugin. -->","yoast_head_json":{"title":"Brand Boxd\u2019ALLERGAN AESTHETICS","robots":{"index":"noindex","follow":"follow","max-snippet":"max-snippet:-1","max-image-preview":"max-image-preview:large","max-video-preview":"max-video-preview:-1"},"og_locale":"fr_CA","og_type":"article","og_title":"Brand Boxd\u2019ALLERGAN AESTHETICS","og_description":"La Bo\u00eete de ressourcesd\u2019ALLERGAN AESTHETICS S\u00c9LECTIONNEZ VOTRE MARQUE BOTOX COSM\u00c9TIQUEMD, JUV\u00c9DERMMD, SKINVIVEMD, SkinMedicaMD, BRILLANTES DISTINCTIONSMD, BELKYRAMD et LATISSEMD CoolSculptingMD &amp; CoolsculptingMD ELITE NATRELLEMD Shutterstock Studios, en partenariat avec la DREAM Initiative\u00ae, fond\u00e9e par Allergan Aesthetics et skinbetter science\u00ae, fait progresser la repr\u00e9sentation inclusive des deux c\u00f4t\u00e9s de la cam\u00e9ra. Vous pouvez t\u00e9l\u00e9charger gratuitement 1 500 [&hellip;]","og_url":"https:\/\/allerganbrandbox.ca\/fr\/","og_site_name":"Brand Box d\u2019ALLERGAN AESTHETICS","article_modified_time":"2026-03-09T08:01:06+00:00","og_image":[{"width":250,"height":111,"url":"https:\/\/allerganbrandbox.ca\/fr\/wp-content\/uploads\/logo-allergan-blanco-2-1.png","type":"image\/png"}],"twitter_card":"summary_large_image","twitter_misc":{"Estimation du temps de lecture":"1 minute"},"schema":{"@context":"https:\/\/schema.org","@graph":[{"@type":"WebPage","@id":"https:\/\/allerganbrandbox.ca\/fr\/","url":"https:\/\/allerganbrandbox.ca\/fr\/","name":"Brand Boxd\u2019ALLERGAN AESTHETICS","isPartOf":{"@id":"https:\/\/allerganbrandbox.ca\/fr\/#website"},"primaryImageOfPage":{"@id":"https:\/\/allerganbrandbox.ca\/fr\/#primaryimage"},"image":{"@id":"https:\/\/allerganbrandbox.ca\/fr\/#primaryimage"},"thumbnailUrl":"https:\/\/allerganbrandbox.ca\/fr\/wp-content\/uploads\/logo-allergan-blanco-2-1.png","datePublished":"2022-12-10T18:32:29+00:00","dateModified":"2026-03-09T08:01:06+00:00","breadcrumb":{"@id":"https:\/\/allerganbrandbox.ca\/fr\/#breadcrumb"},"inLanguage":"fr-CA","potentialAction":[{"@type":"ReadAction","target":["https:\/\/allerganbrandbox.ca\/fr\/"]}]},{"@type":"ImageObject","inLanguage":"fr-CA","@id":"https:\/\/allerganbrandbox.ca\/fr\/#primaryimage","url":"https:\/\/allerganbrandbox.ca\/fr\/wp-content\/uploads\/logo-allergan-blanco-2-1.png","contentUrl":"https:\/\/allerganbrandbox.ca\/fr\/wp-content\/uploads\/logo-allergan-blanco-2-1.png","width":250,"height":111},{"@type":"BreadcrumbList","@id":"https:\/\/allerganbrandbox.ca\/fr\/#breadcrumb","itemListElement":[{"@type":"ListItem","position":1,"name":"Home","item":"https:\/\/allerganbrandbox.ca\/fr\/"},{"@type":"ListItem","position":2,"name":"French home"}]},{"@type":"WebSite","@id":"https:\/\/allerganbrandbox.ca\/fr\/#website","url":"https:\/\/allerganbrandbox.ca\/fr\/","name":"Brand Box d\u2019ALLERGAN AESTHETICS","description":"","potentialAction":[{"@type":"SearchAction","target":{"@type":"EntryPoint","urlTemplate":"https:\/\/allerganbrandbox.ca\/fr\/?s={search_term_string}"},"query-input":{"@type":"PropertyValueSpecification","valueRequired":true,"valueName":"search_term_string"}}],"inLanguage":"fr-CA"}]}},"_links":{"self":[{"href":"https:\/\/allerganbrandbox.ca\/fr\/wp-json\/wp\/v2\/pages\/5454","targetHints":{"allow":["GET"]}}],"collection":[{"href":"https:\/\/allerganbrandbox.ca\/fr\/wp-json\/wp\/v2\/pages"}],"about":[{"href":"https:\/\/allerganbrandbox.ca\/fr\/wp-json\/wp\/v2\/types\/page"}],"author":[{"embeddable":true,"href":"https:\/\/allerganbrandbox.ca\/fr\/wp-json\/wp\/v2\/users\/1"}],"replies":[{"embeddable":true,"href":"https:\/\/allerganbrandbox.ca\/fr\/wp-json\/wp\/v2\/comments?post=5454"}],"version-history":[{"count":142,"href":"https:\/\/allerganbrandbox.ca\/fr\/wp-json\/wp\/v2\/pages\/5454\/revisions"}],"predecessor-version":[{"id":10200,"href":"https:\/\/allerganbrandbox.ca\/fr\/wp-json\/wp\/v2\/pages\/5454\/revisions\/10200"}],"wp:attachment":[{"href":"https:\/\/allerganbrandbox.ca\/fr\/wp-json\/wp\/v2\/media?parent=5454"}],"curies":[{"name":"wp","href":"https:\/\/api.w.org\/{rel}","templated":true}]}}